{"id":202,"date":"2024-06-26T18:04:33","date_gmt":"2024-06-26T18:04:33","guid":{"rendered":"https:\/\/wonderenglishschool.es\/index.php\/thank-you\/"},"modified":"2024-06-26T18:04:33","modified_gmt":"2024-06-26T18:04:33","slug":"thank-you","status":"publish","type":"page","link":"https:\/\/wonderenglishschool.es\/index.php\/thank-you\/","title":{"rendered":"Gracias"},"content":{"rendered":"<div class=\"swpm-ty-page-registration\"><div class=\"swpm-ty-page-registration-link swpm-no-user-found swpm-yellow-box\">Si acabas de hacer un pago de membres\u00eda, entonces tu pago todav\u00eda debe ser procesado. Por favor vuelve a revisarlo en unos minutos. Un correo electr\u00f3nico te ser\u00e1 enviado con los detalles en breve.<\/div><\/div>\n","protected":false},"excerpt":{"rendered":"","protected":false},"author":1,"featured_media":0,"parent":0,"menu_order":0,"comment_status":"closed","ping_status":"closed","template":"","meta":{"_kadence_starter_templates_imported_post":false,"_kad_post_transparent":"","_kad_post_title":"","_kad_post_layout":"","_kad_post_sidebar_id":"","_kad_post_content_style":"","_kad_post_vertical_padding":"","_kad_post_feature":"","_kad_post_feature_position":"","_kad_post_header":false,"_kad_post_footer":false,"footnotes":""},"class_list":["post-202","page","type-page","status-publish","hentry"],"_links":{"self":[{"href":"https:\/\/wonderenglishschool.es\/index.php\/wp-json\/wp\/v2\/pages\/202","targetHints":{"allow":["GET"]}}],"collection":[{"href":"https:\/\/wonderenglishschool.es\/index.php\/wp-json\/wp\/v2\/pages"}],"about":[{"href":"https:\/\/wonderenglishschool.es\/index.php\/wp-json\/wp\/v2\/types\/page"}],"author":[{"embeddable":true,"href":"https:\/\/wonderenglishschool.es\/index.php\/wp-json\/wp\/v2\/users\/1"}],"replies":[{"embeddable":true,"href":"https:\/\/wonderenglishschool.es\/index.php\/wp-json\/wp\/v2\/comments?post=202"}],"version-history":[{"count":0,"href":"https:\/\/wonderenglishschool.es\/index.php\/wp-json\/wp\/v2\/pages\/202\/revisions"}],"wp:attachment":[{"href":"https:\/\/wonderenglishschool.es\/index.php\/wp-json\/wp\/v2\/media?parent=202"}],"curies":[{"name":"wp","href":"https:\/\/api.w.org\/{rel}","templated":true}]}}